{"id":3475,"date":"2026-03-27T07:53:19","date_gmt":"2026-03-27T07:53:19","guid":{"rendered":"https:\/\/prospertura.de\/?page_id=3475"},"modified":"2026-04-12T09:43:55","modified_gmt":"2026-04-12T09:43:55","slug":"ueber-uns","status":"publish","type":"page","link":"https:\/\/prospertura.de\/?page_id=3475","title":{"rendered":"\u00dcber uns"},"content":{"rendered":"\n<div class=\"wp-block-stackable-hero alignfull stk-block-hero stk-block stk-6b42142 is-style-default\" data-v=\"2\" data-block-id=\"6b42142\"><style>.stk-6b42142-inner-blocks{justify-content:center !important;}.stk-6b42142 {margin-bottom:0px !important;}.stk-6b42142-container{background-image:url(https:\/\/prospertura.de\/wp-content\/uploads\/2026\/03\/Prospertura-Ueber-uns.webp) !important;box-shadow:none !important;}.stk-6b42142-container:before{background-color:#000000 !important;opacity:0.4 !important;}.stk-6b42142 .stk-block-hero__content{min-height:500px !important;align-items:center !important;display:flex !important;}@media screen and (max-width:999px){.stk-6b42142 {margin-bottom:80px !important;}}@media screen and (max-width:689px){.stk-6b42142 {margin-bottom:35px !important;}}<\/style><div class=\"stk-block-hero__content stk-content-align stk-6b42142-column alignfull stk-container stk-6b42142-container stk-hover-parent stk--has-background-overlay\"><div class=\"stk-block-content stk-inner-blocks has-text-align-center stk--column-flex stk-6b42142-inner-blocks\">\n<div class=\"wp-block-stackable-heading stk-block-heading stk-block-heading--v2 stk-block stk-fc051d0\" id=\"uber-uns\" data-block-id=\"fc051d0\"><style>.stk-fc051d0 .stk-block-heading__text{font-size:55px !important;color:#fffffe !important;font-weight:900 !important;}@media screen and (max-width:999px){.stk-fc051d0 .stk-block-heading__text{font-size:40px !important;}}<\/style><h1 class=\"stk-block-heading__text has-text-color\">\u00dcber uns<\/h1><\/div>\n\n\n\n<div class=\"wp-block-stackable-text stk-block-text stk-block stk-26444a0\" data-block-id=\"26444a0\"><style>.stk-26444a0 {max-width:1001px !important;min-width:auto !important;margin-right:var(--stk--preset--spacing--none, 0px) !important;margin-left:var(--stk--preset--spacing--none, 0px) !important;}.stk-26444a0 .stk-block-text__text{font-size:var(--stk--preset--font-size--medium, 20px) !important;color:#fffffe !important;}@media screen and (max-width:999px){.stk-26444a0 .stk-block-text__text{font-size:var(--stk--preset--font-size--medium, 20px) !important;}}<\/style><p class=\"stk-block-text__text has-text-color\">Auch hinter Prospertura steckt eine Geschichte. Und Menschen, die sie gestaltet haben. Hier erfahrt ihr, wie es zu unserem Projekt kam und wie die Gesichter dahinter aussehen.<\/p><\/div>\n<\/div><\/div><\/div>\n\n\n\n<p><\/p>\n\n\n\n<div class=\"wp-block-stackable-columns stk-block-columns stk-block stk-8c2d606\" data-block-id=\"8c2d606\"><style>.stk-8c2d606 .stk--block-align-8c2d606{align-items:center !important;}.stk-8c2d606 {margin-bottom:130px !important;}.stk-8c2d606-column{--stk-columns-spacing:0px !important;--stk-column-gap:35px !important;row-gap:35px !important;}@media screen and (max-width:999px){.stk-8c2d606 {margin-bottom:80px !important;}}@media screen and (max-width:689px){.stk-8c2d606 {margin-bottom:35px !important;}}<\/style><div class=\"stk-row stk-inner-blocks stk--block-align-8c2d606 stk-block-content stk-content-align stk-8c2d606-column\">\n<div class=\"wp-block-stackable-column stk-block-column stk-column stk-block stk-6a12789\" data-v=\"4\" data-block-id=\"6a12789\"><div class=\"stk-column-wrapper stk-block-column__content stk-container stk-6a12789-container stk--no-background stk--no-padding\"><div class=\"stk-block-content stk-inner-blocks stk-6a12789-inner-blocks\">\n<div class=\"wp-block-stackable-image stk-block-image stk-block stk-b197f3d\" data-block-id=\"b197f3d\"><style>.stk-b197f3d {border-top-left-radius:12px !important;border-top-right-radius:12px !important;border-bottom-right-radius:12px !important;border-bottom-left-radius:12px !important;overflow:hidden !important;}<\/style><figure><span class=\"stk-img-wrapper stk-image--shape-stretch\"><img loading=\"lazy\" decoding=\"async\" class=\"stk-img wp-image-3488\" src=\"https:\/\/prospertura.de\/wp-content\/uploads\/2026\/03\/Prospertura-Geschichte.webp\" width=\"1181\" height=\"1772\" srcset=\"https:\/\/prospertura.de\/wp-content\/uploads\/2026\/03\/Prospertura-Geschichte.webp 1181w, https:\/\/prospertura.de\/wp-content\/uploads\/2026\/03\/Prospertura-Geschichte-200x300.webp 200w, https:\/\/prospertura.de\/wp-content\/uploads\/2026\/03\/Prospertura-Geschichte-682x1024.webp 682w, https:\/\/prospertura.de\/wp-content\/uploads\/2026\/03\/Prospertura-Geschichte-768x1152.webp 768w, https:\/\/prospertura.de\/wp-content\/uploads\/2026\/03\/Prospertura-Geschichte-1024x1536.webp 1024w\" sizes=\"auto, (max-width: 1181px) 100vw, 1181px\" \/><\/span><\/figure><\/div>\n<\/div><\/div><\/div>\n\n\n\n<div class=\"wp-block-stackable-column stk-block-column stk-column stk-block stk-0bb0637\" data-v=\"4\" data-block-id=\"0bb0637\"><div class=\"stk-column-wrapper stk-block-column__content stk-container stk-0bb0637-container stk--no-background stk--no-padding\"><div class=\"stk-block-content stk-inner-blocks stk-0bb0637-inner-blocks\">\n<div class=\"wp-block-stackable-heading stk-block-heading stk-block-heading--v2 stk-block stk-149fd23\" id=\"die-geschichte-von-prospertura\" data-block-id=\"149fd23\"><h2 class=\"stk-block-heading__text\">Die Geschichte von Prospertura<\/h2><\/div>\n\n\n\n<p>Prospertura entsteht 2025, in einer Zeit, in der f\u00fcr viele Sicherheit verloren geht. Globale Krisen verunsichern Menschen weltweit. Steigende Preise und die Inflation stellen sie vor finanzielle Herausforderungen. Viele ziehen sich ins Private zur\u00fcck. Themen wie der Umweltschutz verlieren an Aufmerksamkeit.<\/p>\n\n\n\n<p>Doch wie k\u00f6nnen wir Umweltschutz in den Alltag zur\u00fcckholen? Nicht als Belastung oder als moralische Aufgabe. Sondern so, dass Umweltschutz gesehen wird, wie er sein kann: leicht, \u00fcberraschend und gewinnreich f\u00fcr alle.<\/p>\n\n\n\n<p>Dieser Aufgabe stellt sich Prospertura. Gr\u00fcnder Thomas Jongmanns entwickelt gemeinsam mit seiner Tochter Svenja die Idee, der steigenden Resignation mit positiven Beispielen zu begegnen. Mit Freude, erfolgreichen Ideen und Motivation. Wir erz\u00e4hlen Geschichten, die Menschen aktivieren und modernen, funktionierenden Umweltschutz zeigen.<\/p>\n\n\n\n<p>Willkommen bei Prospertura.<\/p>\n<\/div><\/div><\/div>\n<\/div><\/div>\n\n\n\n<div class=\"wp-block-group alignfull has-white-background-color has-background is-layout-constrained wp-block-group-is-layout-constrained\" style=\"padding-top:7rem;padding-bottom:7rem\">\n<h2 class=\"wp-block-heading has-text-align-center has-black-color has-text-color has-link-color has-xx-large-font-size wp-elements-d01ae055a0531768b09937479c37987d\" style=\"margin-top:0;font-style:normal;font-weight:800;line-height:1.2\">Das Prospertura-Team<\/h2>\n\n\n\n<div class=\"wp-block-columns is-layout-flex wp-container-core-columns-is-layout-2709eace wp-block-columns-is-layout-flex\">\n<div class=\"wp-block-column has-border-color is-layout-flow wp-block-column-is-layout-flow\" style=\"border-color:#0000001f;border-style:solid;border-width:2px;border-radius:20px;padding-top:30px;padding-right:30px;padding-bottom:30px;padding-left:30px\">\n<div class=\"wp-block-group is-content-justification-center is-nowrap is-layout-flex wp-container-core-group-is-layout-faecc223 wp-block-group-is-layout-flex\" style=\"margin-bottom:50px\">\n<figure class=\"wp-block-image size-full is-resized has-custom-border\"><img loading=\"lazy\" decoding=\"async\" width=\"1000\" height=\"1000\" src=\"https:\/\/prospertura.de\/wp-content\/uploads\/2026\/03\/bafkreie3bj544emtcivv4hchic6mmw2oah4wojbivq4syxdmrxcuxjivze.webp\" alt=\"\" class=\"wp-image-3481\" style=\"border-radius:100%;width:150px\" srcset=\"https:\/\/prospertura.de\/wp-content\/uploads\/2026\/03\/bafkreie3bj544emtcivv4hchic6mmw2oah4wojbivq4syxdmrxcuxjivze.webp 1000w, https:\/\/prospertura.de\/wp-content\/uploads\/2026\/03\/bafkreie3bj544emtcivv4hchic6mmw2oah4wojbivq4syxdmrxcuxjivze-300x300.webp 300w, https:\/\/prospertura.de\/wp-content\/uploads\/2026\/03\/bafkreie3bj544emtcivv4hchic6mmw2oah4wojbivq4syxdmrxcuxjivze-150x150.webp 150w, https:\/\/prospertura.de\/wp-content\/uploads\/2026\/03\/bafkreie3bj544emtcivv4hchic6mmw2oah4wojbivq4syxdmrxcuxjivze-768x768.webp 768w\" sizes=\"auto, (max-width: 1000px) 100vw, 1000px\" \/><\/figure>\n<\/div>\n\n\n\n<h2 class=\"wp-block-heading has-text-align-center has-black-color has-text-color has-link-color has-medium-font-size wp-elements-b093d5f17700daeab3ae2eb974d2fc92\" style=\"margin-top:0px\">Thomas Jongmanns<\/h2>\n\n\n\n<p class=\"has-text-align-center has-text-color has-link-color wp-elements-318c0a272315b78b801bae7cf0c310df\" style=\"color:#000000a8;margin-bottom:30px\">Inspiriert durch den Club of Rome zog es unseren Gr\u00fcnder und Ideengeber Thomas schon in den 1970er-Jahren in den politischen Umweltschutz. Es folgten weitere Stationen im zivilgesellschaftlichen Engagement bis hin zum Einsatz vor Ort und im eigenen Garten. Sein Ziel ist es, Menschen dazu zu ermutigen, selbst aktiv zu werden. Nicht durch Druck oder Alarmismus, sondern \u00fcber Geschichten, die Freude bringen und oft auf unerwartete Weise zeigen, was m\u00f6glich ist.<\/p>\n<\/div>\n\n\n\n<div class=\"wp-block-column has-border-color is-layout-flow wp-block-column-is-layout-flow\" style=\"border-color:#0000001f;border-style:solid;border-width:2px;border-radius:20px;padding-top:30px;padding-right:30px;padding-bottom:30px;padding-left:30px\">\n<div class=\"wp-block-group is-content-justification-center is-nowrap is-layout-flex wp-container-core-group-is-layout-faecc223 wp-block-group-is-layout-flex\" style=\"margin-bottom:50px\">\n<figure class=\"wp-block-image size-full is-resized has-custom-border\"><img loading=\"lazy\" decoding=\"async\" width=\"591\" height=\"591\" src=\"https:\/\/prospertura.de\/wp-content\/uploads\/2026\/03\/Prospertura-Svenja.webp\" alt=\"\" class=\"wp-image-3482\" style=\"border-radius:100%;width:150px\" srcset=\"https:\/\/prospertura.de\/wp-content\/uploads\/2026\/03\/Prospertura-Svenja.webp 591w, https:\/\/prospertura.de\/wp-content\/uploads\/2026\/03\/Prospertura-Svenja-300x300.webp 300w, https:\/\/prospertura.de\/wp-content\/uploads\/2026\/03\/Prospertura-Svenja-150x150.webp 150w\" sizes=\"auto, (max-width: 591px) 100vw, 591px\" \/><\/figure>\n<\/div>\n\n\n\n<h2 class=\"wp-block-heading has-text-align-center has-black-color has-text-color has-link-color has-medium-font-size wp-elements-8dd65e554773dbadf05c4aaf1fa4681b\" style=\"margin-top:0px\">Svenja Jongmanns<\/h2>\n\n\n\n<p class=\"has-text-align-center has-text-color has-link-color wp-elements-905b9c77f3a67caad1004e1562ac5cc3\" style=\"color:#000000a8;margin-bottom:30px\">Svenja k\u00fcmmert sich um unsere Texte und Inhalte. Als Tochter von Thomas kennt sie das Projekt von Anfang an. Sie hat Geschichte studiert und bringt 20 Jahre Erfahrung in Journalismus und Marketing mit. Gr\u00fcndliche Recherchen und eine klare Sprache geh\u00f6ren f\u00fcr sie dazu. Besonders spannend findet Svenja Geschichten, die Spa\u00df machen, \u00fcberraschen, kurios sind und zeigen, dass Umweltschutz oft im Kleinen beginnt.<\/p>\n<\/div>\n\n\n\n<div class=\"wp-block-column has-border-color is-layout-flow wp-block-column-is-layout-flow\" style=\"border-color:#0000001f;border-style:solid;border-width:2px;border-radius:20px;padding-top:30px;padding-right:30px;padding-bottom:30px;padding-left:30px\">\n<div class=\"wp-block-group is-content-justification-center is-nowrap is-layout-flex wp-container-core-group-is-layout-faecc223 wp-block-group-is-layout-flex\" style=\"margin-bottom:50px\">\n<figure class=\"wp-block-image size-full is-resized has-custom-border\"><img loading=\"lazy\" decoding=\"async\" width=\"591\" height=\"591\" src=\"https:\/\/prospertura.de\/wp-content\/uploads\/2026\/04\/Silvana_Prospertura.webp\" alt=\"\" class=\"wp-image-3557\" style=\"border-radius:100%;width:150px\" srcset=\"https:\/\/prospertura.de\/wp-content\/uploads\/2026\/04\/Silvana_Prospertura.webp 591w, https:\/\/prospertura.de\/wp-content\/uploads\/2026\/04\/Silvana_Prospertura-300x300.webp 300w, https:\/\/prospertura.de\/wp-content\/uploads\/2026\/04\/Silvana_Prospertura-150x150.webp 150w\" sizes=\"auto, (max-width: 591px) 100vw, 591px\" \/><\/figure>\n<\/div>\n\n\n\n<h2 class=\"wp-block-heading has-text-align-center has-black-color has-text-color has-link-color has-medium-font-size wp-elements-752c2877fd0cd05e3fa5668201d0364f\" style=\"margin-top:0px\">Silvana Ciafardini<\/h2>\n\n\n\n<p class=\"has-text-align-center has-text-color has-link-color wp-elements-2c72239a268be98965523a4f94e7cdd6\" style=\"color:#000000a8;margin-bottom:30px\">Silvana bringt die Kunst in unser Projekt. Schon immer begeistert sie sich f\u00fcr Dinge, die anderen Menschen Freude machen. So startete sie ihre Karriere als Kost\u00fcmbildnerin und arbeitet heute als Goldschmiedin und K\u00fcnstlerin. Sie lebt in einem \u00d6kohaus und liebt es, in ihrem naturnahen Garten zu buddeln. F\u00fcr Silvana bedeutet das pure Meditation. Geschichten m\u00fcssen f\u00fcr sie nahbar und unterhaltend sein.<\/p>\n<\/div>\n<\/div>\n<\/div>\n\n\n\n<h2 class=\"wp-block-heading has-text-align-center\">Unsere Werte<\/h2>\n\n\n\n<div class=\"wp-block-stackable-icon-label stk-block-icon-label stk-block stk-d6ccea1\" data-block-id=\"d6ccea1\"><div class=\"stk-row stk-inner-blocks stk-block-content\">\n<div class=\"wp-block-stackable-icon stk-block-icon has-text-align-left stk-block stk-dd9fa85\" data-block-id=\"dd9fa85\"><style>.stk-dd9fa85 .stk--svg-wrapper .stk--inner-svg svg:last-child, .stk-dd9fa85 .stk--svg-wrapper .stk--inner-svg svg:last-child :is(g, path, rect, polygon, ellipse){fill:var(--theme-palette-color-1, #6db745) !important;}<\/style><span class=\"stk--svg-wrapper\"><div class=\"stk--inner-svg\"><svg style=\"height:0;width:0\"><defs><linearGradient id=\"linear-gradient-dd9fa85\" x1=\"0\" x2=\"100%\" y1=\"0\" y2=\"0\"><stop offset=\"0%\" style=\"stop-opacity:1;stop-color:var(--linear-gradient-dd-9-fa-85-color-1)\"><\/stop><stop offset=\"100%\" style=\"stop-opacity:1;stop-color:var(--linear-gradient-dd-9-fa-85-color-2)\"><\/stop><\/linearGradient><\/defs><\/svg><svg xmlns=\"http:\/\/www.w3.org\/2000\/svg\" viewBox=\"0 0 256 512\" aria-hidden=\"true\" width=\"32\" height=\"32\"><path d=\"M160 64c0-11.8-6.5-22.6-16.9-28.2s-23-5-32.8 1.6l-96 64C-.5 111.2-4.4 131 5.4 145.8s29.7 18.7 44.4 8.9L96 123.8V416H32c-17.7 0-32 14.3-32 32s14.3 32 32 32h96 96c17.7 0 32-14.3 32-32s-14.3-32-32-32H160V64z\"\/><\/svg><\/div><\/span><\/div>\n\n\n\n<div class=\"wp-block-stackable-heading stk-block-heading stk-block-heading--v2 stk-block stk-86a3303\" id=\"wir-fokussieren-gesunde-okosysteme\" data-block-id=\"86a3303\"><h4 class=\"stk-block-heading__text\">Wir fokussieren gesunde \u00d6kosysteme<\/h4><\/div>\n<\/div><\/div>\n\n\n\n<p>Wir schreiben bewusst nicht \u00fcber Krisen, Verschmutzungen und Katastrophen. Unser Ziel ist eine positive Kommunikation als Anregung und Motivation. Wir zeigen was m\u00f6glich ist, nicht was hindert.<\/p>\n\n\n\n<div class=\"wp-block-stackable-icon-label stk-block-icon-label stk-block stk-f6174da\" data-block-id=\"f6174da\"><div class=\"stk-row stk-inner-blocks stk-block-content\">\n<div class=\"wp-block-stackable-icon stk-block-icon has-text-align-left stk-block stk-cb3e43d\" data-block-id=\"cb3e43d\"><style>.stk-cb3e43d .stk--svg-wrapper .stk--inner-svg svg:last-child, .stk-cb3e43d .stk--svg-wrapper .stk--inner-svg svg:last-child :is(g, path, rect, polygon, ellipse){fill:var(--theme-palette-color-5, #fac105) !important;}<\/style><span class=\"stk--svg-wrapper\"><div class=\"stk--inner-svg\"><svg style=\"height:0;width:0\"><defs><linearGradient id=\"linear-gradient-cb3e43d\" x1=\"0\" x2=\"100%\" y1=\"0\" y2=\"0\"><stop offset=\"0%\" style=\"stop-opacity:1;stop-color:var(--linear-gradient-cb-3-e-43-d-color-1)\"><\/stop><stop offset=\"100%\" style=\"stop-opacity:1;stop-color:var(--linear-gradient-cb-3-e-43-d-color-2)\"><\/stop><\/linearGradient><\/defs><\/svg><svg xmlns=\"http:\/\/www.w3.org\/2000\/svg\" viewBox=\"0 0 320 512\" aria-hidden=\"true\" width=\"32\" height=\"32\"><path d=\"M142.9 96c-21.5 0-42.2 8.5-57.4 23.8L54.6 150.6c-12.5 12.5-32.8 12.5-45.3 0s-12.5-32.8 0-45.3L40.2 74.5C67.5 47.3 104.4 32 142.9 32C223 32 288 97 288 177.1c0 38.5-15.3 75.4-42.5 102.6L109.3 416H288c17.7 0 32 14.3 32 32s-14.3 32-32 32H32c-12.9 0-24.6-7.8-29.6-19.8s-2.2-25.7 6.9-34.9L200.2 234.5c15.2-15.2 23.8-35.9 23.8-57.4c0-44.8-36.3-81.1-81.1-81.1z\"\/><\/svg><\/div><\/span><\/div>\n\n\n\n<div class=\"wp-block-stackable-heading stk-block-heading stk-block-heading--v2 stk-block stk-dda031a\" id=\"wir-leben-eine-offene-willkommenskultur\" data-block-id=\"dda031a\"><h4 class=\"stk-block-heading__text\">Wir leben eine offene Willkommenskultur<\/h4><\/div>\n<\/div><\/div>\n\n\n\n<p>Wir hei\u00dfen Menschen unabh\u00e4ngig von ihrer Religion, Herkunft, Sexualit\u00e4t, Geschlecht und Alter willkommen. Diskriminierung, Sexismus, Rassismus, Homophobie, Faschismus, Antisemitismus, Islamophobie, Ableismus, Alters- und Klassendiskriminierung lehnen wir ab.<\/p>\n\n\n\n<div class=\"wp-block-stackable-icon-label stk-block-icon-label stk-block stk-1e38a94\" data-block-id=\"1e38a94\"><div class=\"stk-row stk-inner-blocks stk-block-content\">\n<div class=\"wp-block-stackable-icon stk-block-icon has-text-align-left stk-block stk-c9c0ad4\" data-block-id=\"c9c0ad4\"><style>.stk-c9c0ad4 .stk--svg-wrapper .stk--inner-svg svg:last-child, .stk-c9c0ad4 .stk--svg-wrapper .stk--inner-svg svg:last-child :is(g, path, rect, polygon, ellipse){fill:var(--theme-palette-color-10, #009baa) !important;}<\/style><span class=\"stk--svg-wrapper\"><div class=\"stk--inner-svg\"><svg style=\"height:0;width:0\"><defs><linearGradient id=\"linear-gradient-c9c0ad4\" x1=\"0\" x2=\"100%\" y1=\"0\" y2=\"0\"><stop offset=\"0%\" style=\"stop-opacity:1;stop-color:var(--linear-gradient-c-9-c-0-ad-4-color-1)\"><\/stop><stop offset=\"100%\" style=\"stop-opacity:1;stop-color:var(--linear-gradient-c-9-c-0-ad-4-color-2)\"><\/stop><\/linearGradient><\/defs><\/svg><svg xmlns=\"http:\/\/www.w3.org\/2000\/svg\" viewBox=\"0 0 320 512\" aria-hidden=\"true\" width=\"32\" height=\"32\"><path d=\"M0 64C0 46.3 14.3 32 32 32H272c13.2 0 25 8.1 29.8 20.4s1.5 26.3-8.2 35.2L162.3 208H184c75.1 0 136 60.9 136 136s-60.9 136-136 136H105.4C63 480 24.2 456 5.3 418.1l-1.9-3.8c-7.9-15.8-1.5-35 14.3-42.9s35-1.5 42.9 14.3l1.9 3.8c8.1 16.3 24.8 26.5 42.9 26.5H184c39.8 0 72-32.2 72-72s-32.2-72-72-72H80c-13.2 0-25-8.1-29.8-20.4s-1.5-26.3 8.2-35.2L189.7 96H32C14.3 96 0 81.7 0 64z\"\/><\/svg><\/div><\/span><\/div>\n\n\n\n<div class=\"wp-block-stackable-heading stk-block-heading stk-block-heading--v2 stk-block stk-af404d9\" id=\"erfolge-mussen-nachweisbar-sein\" data-block-id=\"af404d9\"><h4 class=\"stk-block-heading__text\">Erfolge m\u00fcssen nachweisbar sein<\/h4><\/div>\n<\/div><\/div>\n\n\n\n<p>Wir schauen nach funktionierenden Systemen, die nachweisbar einen Nutzen f\u00fcr Mensch und Natur bringen und im realen Raum erlebbar sind.<\/p>\n\n\n\n<div class=\"wp-block-stackable-icon-label stk-block-icon-label stk-block stk-155827e\" data-block-id=\"155827e\"><div class=\"stk-row stk-inner-blocks stk-block-content\">\n<div class=\"wp-block-stackable-icon stk-block-icon has-text-align-left stk-block stk-d1b78b2\" data-block-id=\"d1b78b2\"><style>.stk-d1b78b2 .stk--svg-wrapper .stk--inner-svg svg:last-child, .stk-d1b78b2 .stk--svg-wrapper .stk--inner-svg svg:last-child :is(g, path, rect, polygon, ellipse){fill:var(--theme-palette-color-1, #6db745) !important;}<\/style><span class=\"stk--svg-wrapper\"><div class=\"stk--inner-svg\"><svg style=\"height:0;width:0\"><defs><linearGradient id=\"linear-gradient-d1b78b2\" x1=\"0\" x2=\"100%\" y1=\"0\" y2=\"0\"><stop offset=\"0%\" style=\"stop-opacity:1;stop-color:var(--linear-gradient-d-1-b-78-b-2-color-1)\"><\/stop><stop offset=\"100%\" style=\"stop-opacity:1;stop-color:var(--linear-gradient-d-1-b-78-b-2-color-2)\"><\/stop><\/linearGradient><\/defs><\/svg><svg xmlns=\"http:\/\/www.w3.org\/2000\/svg\" viewBox=\"0 0 384 512\" aria-hidden=\"true\" width=\"32\" height=\"32\"><path d=\"M189 77.6c7.5-16 .7-35.1-15.3-42.6s-35.1-.7-42.6 15.3L3 322.4c-4.7 9.9-3.9 21.5 1.9 30.8S21 368 32 368H256v80c0 17.7 14.3 32 32 32s32-14.3 32-32V368h32c17.7 0 32-14.3 32-32s-14.3-32-32-32H320V160c0-17.7-14.3-32-32-32s-32 14.3-32 32V304H82.4L189 77.6z\"\/><\/svg><\/div><\/span><\/div>\n\n\n\n<div class=\"wp-block-stackable-heading stk-block-heading stk-block-heading--v2 stk-block stk-7ca3077\" id=\"wir-sind-nicht-naiv\" data-block-id=\"7ca3077\"><h4 class=\"stk-block-heading__text\">Wir sind nicht naiv<\/h4><\/div>\n<\/div><\/div>\n\n\n\n<p>Wir wissen um die Zerst\u00f6rungen an Natur, Umwelt und Klima durch den Menschen. Ein Desaster, das schon heute unumkehrbare Folgen mit sich bringt. Doch dem wir mit positiven Beispielen und M\u00f6glichkeiten begegnen m\u00f6chten.<\/p>\n\n\n\n<div class=\"wp-block-stackable-icon-label stk-block-icon-label stk-block stk-4414dbd\" data-block-id=\"4414dbd\"><div class=\"stk-row stk-inner-blocks stk-block-content\">\n<div class=\"wp-block-stackable-icon stk-block-icon has-text-align-left stk-block stk-a83e002\" data-block-id=\"a83e002\"><style>.stk-a83e002 .stk--svg-wrapper .stk--inner-svg svg:last-child, .stk-a83e002 .stk--svg-wrapper .stk--inner-svg svg:last-child :is(g, path, rect, polygon, ellipse){fill:var(--theme-palette-color-5, #fac105) !important;}<\/style><span class=\"stk--svg-wrapper\"><div class=\"stk--inner-svg\"><svg style=\"height:0;width:0\"><defs><linearGradient id=\"linear-gradient-a83e002\" x1=\"0\" x2=\"100%\" y1=\"0\" y2=\"0\"><stop offset=\"0%\" style=\"stop-opacity:1;stop-color:var(--linear-gradient-a-83-e-002-color-1)\"><\/stop><stop offset=\"100%\" style=\"stop-opacity:1;stop-color:var(--linear-gradient-a-83-e-002-color-2)\"><\/stop><\/linearGradient><\/defs><\/svg><svg xmlns=\"http:\/\/www.w3.org\/2000\/svg\" viewBox=\"0 0 320 512\" aria-hidden=\"true\" width=\"32\" height=\"32\"><path d=\"M32.5 58.3C35.3 43.1 48.5 32 64 32H256c17.7 0 32 14.3 32 32s-14.3 32-32 32H90.7L70.3 208H184c75.1 0 136 60.9 136 136s-60.9 136-136 136H100.5c-39.4 0-75.4-22.3-93-57.5l-4.1-8.2c-7.9-15.8-1.5-35 14.3-42.9s35-1.5 42.9 14.3l4.1 8.2c6.8 13.6 20.6 22.1 35.8 22.1H184c39.8 0 72-32.2 72-72s-32.2-72-72-72H32c-9.5 0-18.5-4.2-24.6-11.5s-8.6-16.9-6.9-26.2l32-176z\"\/><\/svg><\/div><\/span><\/div>\n\n\n\n<div class=\"wp-block-stackable-heading stk-block-heading stk-block-heading--v2 stk-block stk-0ff178a\" id=\"wir-ordnen-projekte-kritisch-ein\" data-block-id=\"0ff178a\"><h4 class=\"stk-block-heading__text\">Wir ordnen Projekte kritisch ein<\/h4><\/div>\n<\/div><\/div>\n\n\n\n<p>Nicht jedes \u201egr\u00fcne\u201c Projekt ist automatisch gut. Deswegen pr\u00fcfen wir genau: Welche Wirkung entsteht konkret? Wir schauen auf Ziele, Umsetzung und Konsequenzen und benennen auch Widerspr\u00fcche, Zielkonflikte und Grenzen. Wir m\u00f6chten Orientierung geben, nicht nur Applaus.<\/p>\n\n\n\n<div class=\"wp-block-stackable-icon-label stk-block-icon-label stk-block stk-48a1d38\" data-block-id=\"48a1d38\"><div class=\"stk-row stk-inner-blocks stk-block-content\">\n<div class=\"wp-block-stackable-icon stk-block-icon has-text-align-left stk-block stk-7dd32e1\" data-block-id=\"7dd32e1\"><style>.stk-7dd32e1 .stk--svg-wrapper .stk--inner-svg svg:last-child, .stk-7dd32e1 .stk--svg-wrapper .stk--inner-svg svg:last-child :is(g, path, rect, polygon, ellipse){fill:var(--theme-palette-color-10, #009baa) !important;}<\/style><span class=\"stk--svg-wrapper\"><div class=\"stk--inner-svg\"><svg style=\"height:0;width:0\"><defs><linearGradient id=\"linear-gradient-7dd32e1\" x1=\"0\" x2=\"100%\" y1=\"0\" y2=\"0\"><stop offset=\"0%\" style=\"stop-opacity:1;stop-color:var(--linear-gradient-7-dd-32-e-1-color-1)\"><\/stop><stop offset=\"100%\" style=\"stop-opacity:1;stop-color:var(--linear-gradient-7-dd-32-e-1-color-2)\"><\/stop><\/linearGradient><\/defs><\/svg><svg xmlns=\"http:\/\/www.w3.org\/2000\/svg\" viewBox=\"0 0 320 512\" aria-hidden=\"true\" width=\"32\" height=\"32\"><path d=\"M232.4 84.7c11.4-13.5 9.7-33.7-3.8-45.1s-33.7-9.7-45.1 3.8L38.6 214.7C14.7 242.9 1.1 278.4 .1 315.2c0 1.4-.1 2.9-.1 4.3c0 .2 0 .3 0 .5c0 88.4 71.6 160 160 160s160-71.6 160-160c0-85.5-67.1-155.4-151.5-159.8l63.9-75.6zM256 320A96 96 0 1 1 64 320a96 96 0 1 1 192 0z\"\/><\/svg><\/div><\/span><\/div>\n\n\n\n<div class=\"wp-block-stackable-heading stk-block-heading stk-block-heading--v2 stk-block stk-e5c6810\" id=\"wir-lernen-aus-erfolg\" data-block-id=\"e5c6810\"><h4 class=\"stk-block-heading__text\">Wir lernen aus Erfolg<\/h4><\/div>\n<\/div><\/div>\n\n\n\n<p>Wir erz\u00e4hlen von Projekten und Akteuren, die messbar zum Schutz von Natur, Umwelt und Klima beitragen. Mit echtem Interesse am \u201eWie\u201c. Was hat funktioniert? Welche Entscheidungen waren entscheidend? Was l\u00e4sst sich \u00fcbertragen und was nicht? So wird Erfolg f\u00fcr uns zur Lernquelle: motivierend, aktivierend und praxisnah.<\/p>\n\n\n\n<p><\/p>\n","protected":false},"excerpt":{"rendered":"<p>\u00dcber uns Auch hinter Prospertura steckt eine Geschichte. Und Menschen, die sie gestaltet haben. Hier erfahrt ihr, wie es zu unserem Projekt kam und wie die Gesichter dahinter aussehen. Die Geschichte von Prospertura Prospertura entsteht 2025, in einer Zeit, in der f\u00fcr viele Sicherheit verloren geht. Globale Krisen verunsichern Menschen weltweit. Steigende Preise und die [&hellip;]<\/p>\n","protected":false},"author":1,"featured_media":0,"parent":0,"menu_order":0,"comment_status":"closed","ping_status":"closed","template":"","meta":{"footnotes":""},"class_list":["post-3475","page","type-page","status-publish","hentry"],"blocksy_meta":{"has_hero_section":"disabled","styles_descriptor":{"styles":{"desktop":"","tablet":"","mobile":""},"google_fonts":[],"version":6}},"_links":{"self":[{"href":"https:\/\/prospertura.de\/index.php?rest_route=\/wp\/v2\/pages\/3475","targetHints":{"allow":["GET"]}}],"collection":[{"href":"https:\/\/prospertura.de\/index.php?rest_route=\/wp\/v2\/pages"}],"about":[{"href":"https:\/\/prospertura.de\/index.php?rest_route=\/wp\/v2\/types\/page"}],"author":[{"embeddable":true,"href":"https:\/\/prospertura.de\/index.php?rest_route=\/wp\/v2\/users\/1"}],"replies":[{"embeddable":true,"href":"https:\/\/prospertura.de\/index.php?rest_route=%2Fwp%2Fv2%2Fcomments&post=3475"}],"version-history":[{"count":17,"href":"https:\/\/prospertura.de\/index.php?rest_route=\/wp\/v2\/pages\/3475\/revisions"}],"predecessor-version":[{"id":3558,"href":"https:\/\/prospertura.de\/index.php?rest_route=\/wp\/v2\/pages\/3475\/revisions\/3558"}],"wp:attachment":[{"href":"https:\/\/prospertura.de\/index.php?rest_route=%2Fwp%2Fv2%2Fmedia&parent=3475"}],"curies":[{"name":"wp","href":"https:\/\/api.w.org\/{rel}","templated":true}]}}