{"id":3533,"date":"2026-04-12T07:17:46","date_gmt":"2026-04-12T07:17:46","guid":{"rendered":"https:\/\/prospertura.de\/?page_id=3533"},"modified":"2026-04-12T07:23:40","modified_gmt":"2026-04-12T07:23:40","slug":"stories-2","status":"publish","type":"page","link":"https:\/\/prospertura.de\/?page_id=3533","title":{"rendered":"Stories"},"content":{"rendered":"\n<div class=\"wp-block-stackable-hero alignfull stk-block-hero stk-block stk-6b42142 is-style-default\" data-v=\"2\" data-block-id=\"6b42142\"><style>.stk-6b42142-inner-blocks{justify-content:center !important;}.stk-6b42142 {margin-bottom:0px !important;}.stk-6b42142-container{background-image:url(https:\/\/prospertura.de\/wp-content\/uploads\/2026\/03\/Prospertura-Stories.webp) !important;box-shadow:none !important;}.stk-6b42142-container:before{background-color:#000000 !important;opacity:0.3 !important;}.stk-6b42142 .stk-block-hero__content{min-height:500px !important;align-items:center !important;display:flex !important;}@media screen and (max-width:999px){.stk-6b42142 {margin-bottom:80px !important;}}@media screen and (max-width:689px){.stk-6b42142 {margin-bottom:35px !important;}}<\/style><div class=\"stk-block-hero__content stk-content-align stk-6b42142-column alignfull stk-container stk-6b42142-container stk-hover-parent stk--has-background-overlay\"><div class=\"stk-block-content stk-inner-blocks has-text-align-center stk--column-flex stk-6b42142-inner-blocks\">\n<div class=\"wp-block-stackable-heading stk-block-heading stk-block-heading--v2 stk-block stk-fc051d0\" id=\"aktuelle-stories\" data-block-id=\"fc051d0\"><style>.stk-fc051d0 .stk-block-heading__text{font-size:55px !important;color:#fffffe !important;font-weight:900 !important;}@media screen and (max-width:999px){.stk-fc051d0 .stk-block-heading__text{font-size:40px !important;}}<\/style><h1 class=\"stk-block-heading__text has-text-color\">Aktuelle Stories<\/h1><\/div>\n\n\n\n<div class=\"wp-block-stackable-text stk-block-text stk-block stk-26444a0\" data-block-id=\"26444a0\"><style>.stk-26444a0 {max-width:1001px !important;min-width:auto !important;margin-right:var(--stk--preset--spacing--none, 0px) !important;margin-left:var(--stk--preset--spacing--none, 0px) !important;}.stk-26444a0 .stk-block-text__text{font-size:var(--stk--preset--font-size--medium, 20px) !important;color:#fffffe !important;}@media screen and (max-width:999px){.stk-26444a0 .stk-block-text__text{font-size:var(--stk--preset--font-size--medium, 20px) !important;}}<\/style><p class=\"stk-block-text__text has-text-color\">Der Raum f\u00fcr echte Geschichten die zeigen, dass Umweltschutz funktionieren kann. Wir erz\u00e4hlen von Erfolgen und Herausforderungen, die manchmal auch ganz anders sind als erwartet.<\/p><\/div>\n<\/div><\/div><\/div>\n\n\n\n<div class=\"wp-block-query is-layout-flow wp-block-query-is-layout-flow\"><ul class=\"wp-block-post-template is-layout-flow wp-block-post-template-is-layout-flow\"><li class=\"wp-block-post post-3468 post type-post status-publish format-standard has-post-thumbnail hentry category-uncategorized\">\n\n<div class=\"wp-block-columns alignwide is-layout-flex wp-container-core-columns-is-layout-4c1dd492 wp-block-columns-is-layout-flex\" style=\"margin-top:var(--wp--preset--spacing--80);margin-bottom:var(--wp--preset--spacing--80)\">\n<div class=\"wp-block-column is-layout-flow wp-block-column-is-layout-flow\" style=\"flex-basis:66.66%\"><figure class=\"wp-block-post-featured-image\"><a href=\"https:\/\/prospertura.de\/?p=3468\" target=\"_self\"  ><img loading=\"lazy\" decoding=\"async\" width=\"1366\" height=\"768\" src=\"https:\/\/prospertura.de\/wp-content\/uploads\/2026\/03\/Wildbiene-Prospertura.webp\" class=\"attachment-post-thumbnail size-post-thumbnail wp-post-image\" alt=\"Bee-Stops. Bushaltestellen f\u00fcr Wildbienen\" style=\"object-fit:cover;\" srcset=\"https:\/\/prospertura.de\/wp-content\/uploads\/2026\/03\/Wildbiene-Prospertura.webp 1366w, https:\/\/prospertura.de\/wp-content\/uploads\/2026\/03\/Wildbiene-Prospertura-300x169.webp 300w, https:\/\/prospertura.de\/wp-content\/uploads\/2026\/03\/Wildbiene-Prospertura-1024x576.webp 1024w, https:\/\/prospertura.de\/wp-content\/uploads\/2026\/03\/Wildbiene-Prospertura-768x432.webp 768w\" sizes=\"auto, (max-width: 1366px) 100vw, 1366px\" \/><\/a><\/figure><\/div>\n\n\n\n<div class=\"wp-block-column is-layout-flow wp-block-column-is-layout-flow\" style=\"flex-basis:33.33%\"><h2 class=\"wp-block-post-title\"><a href=\"https:\/\/prospertura.de\/?p=3468\" target=\"_self\" >Bee-Stops. Bushaltestellen f\u00fcr Wildbienen<\/a><\/h2>\n\n<div class=\"wp-block-post-excerpt\"><p class=\"wp-block-post-excerpt__excerpt\"> <\/p><\/div><\/div>\n<\/div>\n\n<\/li><li class=\"wp-block-post post-3309 post type-post status-publish format-standard has-post-thumbnail hentry category-renaturierung\">\n\n<div class=\"wp-block-columns alignwide is-layout-flex wp-container-core-columns-is-layout-4c1dd492 wp-block-columns-is-layout-flex\" style=\"margin-top:var(--wp--preset--spacing--80);margin-bottom:var(--wp--preset--spacing--80)\">\n<div class=\"wp-block-column is-layout-flow wp-block-column-is-layout-flow\" style=\"flex-basis:66.66%\"><figure class=\"wp-block-post-featured-image\"><a href=\"https:\/\/prospertura.de\/?p=3309\" target=\"_self\"  ><img loading=\"lazy\" decoding=\"async\" width=\"1366\" height=\"768\" src=\"https:\/\/prospertura.de\/wp-content\/uploads\/2026\/03\/Biber-Bombardierungen.webp\" class=\"attachment-post-thumbnail size-post-thumbnail wp-post-image\" alt=\"Renaturierung undercover. Wie Biber-Bombardierungen Mensch und Natur sch\u00fctzen.\" style=\"object-fit:cover;\" srcset=\"https:\/\/prospertura.de\/wp-content\/uploads\/2026\/03\/Biber-Bombardierungen.webp 1366w, https:\/\/prospertura.de\/wp-content\/uploads\/2026\/03\/Biber-Bombardierungen-300x169.webp 300w, https:\/\/prospertura.de\/wp-content\/uploads\/2026\/03\/Biber-Bombardierungen-1024x576.webp 1024w, https:\/\/prospertura.de\/wp-content\/uploads\/2026\/03\/Biber-Bombardierungen-768x432.webp 768w\" sizes=\"auto, (max-width: 1366px) 100vw, 1366px\" \/><\/a><\/figure><\/div>\n\n\n\n<div class=\"wp-block-column is-layout-flow wp-block-column-is-layout-flow\" style=\"flex-basis:33.33%\"><h2 class=\"wp-block-post-title\"><a href=\"https:\/\/prospertura.de\/?p=3309\" target=\"_self\" >Renaturierung undercover. Wie Biber-Bombardierungen Mensch und Natur sch\u00fctzen.<\/a><\/h2>\n\n<div class=\"wp-block-post-excerpt\"><p class=\"wp-block-post-excerpt__excerpt\">An Olivier Rubbers zieht die Stra\u00dfe vorbei, w\u00e4hrend er ersch\u00f6pft am Steuer sitzt. Die Fahrt nach Bayern war lang gewesen. \u00dcbernachtet hatte er nur im Auto. Doch bis zu seinem Ziel ist es nun nicht mehr weit. <\/p><\/div><\/div>\n<\/div>\n\n<\/li><\/ul><\/div>\n","protected":false},"excerpt":{"rendered":"<p>Aktuelle Stories Der Raum f\u00fcr echte Geschichten die zeigen, dass Umweltschutz funktionieren kann. Wir erz\u00e4hlen von Erfolgen und Herausforderungen, die manchmal auch ganz anders sind als erwartet.<\/p>\n","protected":false},"author":1,"featured_media":0,"parent":0,"menu_order":0,"comment_status":"closed","ping_status":"closed","template":"","meta":{"footnotes":""},"class_list":["post-3533","page","type-page","status-publish","hentry"],"blocksy_meta":[],"_links":{"self":[{"href":"https:\/\/prospertura.de\/index.php?rest_route=\/wp\/v2\/pages\/3533","targetHints":{"allow":["GET"]}}],"collection":[{"href":"https:\/\/prospertura.de\/index.php?rest_route=\/wp\/v2\/pages"}],"about":[{"href":"https:\/\/prospertura.de\/index.php?rest_route=\/wp\/v2\/types\/page"}],"author":[{"embeddable":true,"href":"https:\/\/prospertura.de\/index.php?rest_route=\/wp\/v2\/users\/1"}],"replies":[{"embeddable":true,"href":"https:\/\/prospertura.de\/index.php?rest_route=%2Fwp%2Fv2%2Fcomments&post=3533"}],"version-history":[{"count":5,"href":"https:\/\/prospertura.de\/index.php?rest_route=\/wp\/v2\/pages\/3533\/revisions"}],"predecessor-version":[{"id":3539,"href":"https:\/\/prospertura.de\/index.php?rest_route=\/wp\/v2\/pages\/3533\/revisions\/3539"}],"wp:attachment":[{"href":"https:\/\/prospertura.de\/index.php?rest_route=%2Fwp%2Fv2%2Fmedia&parent=3533"}],"curies":[{"name":"wp","href":"https:\/\/api.w.org\/{rel}","templated":true}]}}